{"id":99,"date":"2023-10-06T11:21:52","date_gmt":"2023-10-06T08:21:52","guid":{"rendered":"https:\/\/pavlos.happyoffline.eu\/?page_id=99"},"modified":"2023-10-14T10:31:12","modified_gmt":"2023-10-14T07:31:12","slug":"spyrosvlassis","status":"publish","type":"page","link":"https:\/\/www.svlaw.gr\/fr\/spyrosvlassis\/","title":{"rendered":"Spyros Vlassis"},"content":{"rendered":"<p><strong>Spyros Vlassis<\/strong><br \/>\n <strong>Fondateur et associ\u00e9 directeur<\/strong><br \/>\n Il est sp\u00e9cialis\u00e9 dans le droit p\u00e9nal, en particulier dans les d\u00e9lits en mati\u00e8re maritime et \u00e9conomique. <\/p>\n<p>Email:<a href=\"mailto:spyros.vlassis@svlaw.gr\"> spyros.vlassis@svlaw.gr<\/a><\/p>\n","protected":false},"excerpt":{"rendered":"<p>Spyros Vlassis Fondateur et associ\u00e9 directeur Il est sp\u00e9cialis\u00e9 dans le droit p\u00e9nal, en particulier dans les d\u00e9lits en mati\u00e8re maritime et \u00e9conomique. Email: spyros.vlassis@svlaw.gr<\/p>\n","protected":false},"author":1,"featured_media":0,"parent":0,"menu_order":0,"comment_status":"closed","ping_status":"closed","template":"","meta":{"_acf_changed":false,"inline_featured_image":false,"footnotes":""},"class_list":["post-99","page","type-page","status-publish","hentry"],"acf":[],"yoast_head":"<!-- This site is optimized with the Yoast SEO plugin v27.2 - https:\/\/yoast.com\/product\/yoast-seo-wordpress\/ -->\n<title>Spyros Vlassis<\/title>\n<meta name=\"robots\" content=\"index, follow, max-snippet:-1, max-image-preview:large, max-video-preview:-1\" \/>\n<link rel=\"canonical\" href=\"https:\/\/www.svlaw.gr\/fr\/spyrosvlassis\/\" \/>\n<meta property=\"og:locale\" content=\"fr_FR\" \/>\n<meta property=\"og:locale:alternate\" content=\"el\" \/>\n<meta property=\"og:locale:alternate\" content=\"en_US\" \/>\n<meta property=\"og:type\" content=\"article\" \/>\n<meta property=\"og:title\" content=\"Spyros Vlassis\" \/>\n<meta property=\"og:description\" content=\"Spyros Vlassis Fondateur et associ\u00e9 directeur Il est sp\u00e9cialis\u00e9 dans le droit p\u00e9nal, en particulier dans les d\u00e9lits en mati\u00e8re maritime et \u00e9conomique. Email: spyros.vlassis@svlaw.gr\" \/>\n<meta property=\"og:url\" content=\"https:\/\/www.svlaw.gr\/fr\/spyrosvlassis\/\" \/>\n<meta property=\"og:site_name\" content=\"Vlassis &amp; Associates Law Firm\" \/>\n<meta property=\"article:modified_time\" content=\"2023-10-14T07:31:12+00:00\" \/>\n<meta name=\"twitter:card\" content=\"summary_large_image\" \/>\n<meta name=\"twitter:label1\" content=\"Dur\u00e9e de lecture estim\u00e9e\" \/>\n\t<meta name=\"twitter:data1\" content=\"1 minute\" \/>\n<script type=\"application\/ld+json\" class=\"yoast-schema-graph\">{\"@context\":\"https:\/\/schema.org\",\"@graph\":[{\"@type\":\"WebPage\",\"@id\":\"https:\/\/www.svlaw.gr\/spyrosvlassis\/\",\"url\":\"https:\/\/www.svlaw.gr\/spyrosvlassis\/\",\"name\":\"Spyros Vlassis\",\"isPartOf\":{\"@id\":\"https:\/\/www.svlaw.gr\/#website\"},\"datePublished\":\"2023-10-06T08:21:52+00:00\",\"dateModified\":\"2023-10-14T07:31:12+00:00\",\"breadcrumb\":{\"@id\":\"https:\/\/www.svlaw.gr\/spyrosvlassis\/#breadcrumb\"},\"inLanguage\":\"fr-FR\",\"potentialAction\":[{\"@type\":\"ReadAction\",\"target\":[\"https:\/\/www.svlaw.gr\/spyrosvlassis\/\"]}]},{\"@type\":\"BreadcrumbList\",\"@id\":\"https:\/\/www.svlaw.gr\/spyrosvlassis\/#breadcrumb\",\"itemListElement\":[{\"@type\":\"ListItem\",\"position\":1,\"name\":\"\u0391\u03c1\u03c7\u03b9\u03ba\u03ae\",\"item\":\"https:\/\/www.svlaw.gr\/\"},{\"@type\":\"ListItem\",\"position\":2,\"name\":\"\u03a3\u03c0\u03cd\u03c1\u03bf\u03c2 \u0392\u03bb\u03ac\u03c3\u03c3\u03b7\u03c2\"}]},{\"@type\":\"WebSite\",\"@id\":\"https:\/\/www.svlaw.gr\/#website\",\"url\":\"https:\/\/www.svlaw.gr\/\",\"name\":\"Vlassis &amp; Associates Law Firm\",\"description\":\"Svlaw\",\"publisher\":{\"@id\":\"https:\/\/www.svlaw.gr\/#organization\"},\"potentialAction\":[{\"@type\":\"SearchAction\",\"target\":{\"@type\":\"EntryPoint\",\"urlTemplate\":\"https:\/\/www.svlaw.gr\/?s={search_term_string}\"},\"query-input\":{\"@type\":\"PropertyValueSpecification\",\"valueRequired\":true,\"valueName\":\"search_term_string\"}}],\"inLanguage\":\"fr-FR\"},{\"@type\":\"Organization\",\"@id\":\"https:\/\/www.svlaw.gr\/#organization\",\"name\":\"Vlassis &amp; Associates Law Firm\",\"url\":\"https:\/\/www.svlaw.gr\/\",\"logo\":{\"@type\":\"ImageObject\",\"inLanguage\":\"fr-FR\",\"@id\":\"https:\/\/www.svlaw.gr\/#\/schema\/logo\/image\/\",\"url\":\"https:\/\/www.svlaw.gr\/wp-content\/uploads\/2023\/10\/logo3uk.png\",\"contentUrl\":\"https:\/\/www.svlaw.gr\/wp-content\/uploads\/2023\/10\/logo3uk.png\",\"width\":180,\"height\":78,\"caption\":\"Vlassis &amp; Associates Law Firm\"},\"image\":{\"@id\":\"https:\/\/www.svlaw.gr\/#\/schema\/logo\/image\/\"}}]}<\/script>\n<!-- \/ Yoast SEO plugin. -->","yoast_head_json":{"title":"Spyros Vlassis","robots":{"index":"index","follow":"follow","max-snippet":"max-snippet:-1","max-image-preview":"max-image-preview:large","max-video-preview":"max-video-preview:-1"},"canonical":"https:\/\/www.svlaw.gr\/fr\/spyrosvlassis\/","og_locale":"fr_FR","og_type":"article","og_title":"[:el]\u03a3\u03c0\u03cd\u03c1\u03bf\u03c2 \u0392\u03bb\u03ac\u03c3\u03c3\u03b7\u03c2[:en]Spyros Vlassis[:fr]Spyros Vlassis[:] - Vlassis &amp; Associates Law Firm","og_description":"Spyros Vlassis Fondateur et associ\u00e9 directeur Il est sp\u00e9cialis\u00e9 dans le droit p\u00e9nal, en particulier dans les d\u00e9lits en mati\u00e8re maritime et \u00e9conomique. Email: spyros.vlassis@svlaw.gr","og_url":"https:\/\/www.svlaw.gr\/fr\/spyrosvlassis\/","og_site_name":"Vlassis &amp; Associates Law Firm","article_modified_time":"2023-10-14T07:31:12+00:00","twitter_card":"summary_large_image","twitter_misc":{"Dur\u00e9e de lecture estim\u00e9e":"1 minute"},"schema":{"@context":"https:\/\/schema.org","@graph":[{"@type":"WebPage","@id":"https:\/\/www.svlaw.gr\/spyrosvlassis\/","url":"https:\/\/www.svlaw.gr\/spyrosvlassis\/","name":"Spyros Vlassis","isPartOf":{"@id":"https:\/\/www.svlaw.gr\/#website"},"datePublished":"2023-10-06T08:21:52+00:00","dateModified":"2023-10-14T07:31:12+00:00","breadcrumb":{"@id":"https:\/\/www.svlaw.gr\/spyrosvlassis\/#breadcrumb"},"inLanguage":"fr-FR","potentialAction":[{"@type":"ReadAction","target":["https:\/\/www.svlaw.gr\/spyrosvlassis\/"]}]},{"@type":"BreadcrumbList","@id":"https:\/\/www.svlaw.gr\/spyrosvlassis\/#breadcrumb","itemListElement":[{"@type":"ListItem","position":1,"name":"\u0391\u03c1\u03c7\u03b9\u03ba\u03ae","item":"https:\/\/www.svlaw.gr\/"},{"@type":"ListItem","position":2,"name":"\u03a3\u03c0\u03cd\u03c1\u03bf\u03c2 \u0392\u03bb\u03ac\u03c3\u03c3\u03b7\u03c2"}]},{"@type":"WebSite","@id":"https:\/\/www.svlaw.gr\/#website","url":"https:\/\/www.svlaw.gr\/","name":"Vlassis &amp; Associates Law Firm","description":"Svlaw","publisher":{"@id":"https:\/\/www.svlaw.gr\/#organization"},"potentialAction":[{"@type":"SearchAction","target":{"@type":"EntryPoint","urlTemplate":"https:\/\/www.svlaw.gr\/?s={search_term_string}"},"query-input":{"@type":"PropertyValueSpecification","valueRequired":true,"valueName":"search_term_string"}}],"inLanguage":"fr-FR"},{"@type":"Organization","@id":"https:\/\/www.svlaw.gr\/#organization","name":"Vlassis &amp; Associates Law Firm","url":"https:\/\/www.svlaw.gr\/","logo":{"@type":"ImageObject","inLanguage":"fr-FR","@id":"https:\/\/www.svlaw.gr\/#\/schema\/logo\/image\/","url":"https:\/\/www.svlaw.gr\/wp-content\/uploads\/2023\/10\/logo3uk.png","contentUrl":"https:\/\/www.svlaw.gr\/wp-content\/uploads\/2023\/10\/logo3uk.png","width":180,"height":78,"caption":"Vlassis &amp; Associates Law Firm"},"image":{"@id":"https:\/\/www.svlaw.gr\/#\/schema\/logo\/image\/"}}]}},"_links":{"self":[{"href":"https:\/\/www.svlaw.gr\/fr\/wp-json\/wp\/v2\/pages\/99","targetHints":{"allow":["GET"]}}],"collection":[{"href":"https:\/\/www.svlaw.gr\/fr\/wp-json\/wp\/v2\/pages"}],"about":[{"href":"https:\/\/www.svlaw.gr\/fr\/wp-json\/wp\/v2\/types\/page"}],"author":[{"embeddable":true,"href":"https:\/\/www.svlaw.gr\/fr\/wp-json\/wp\/v2\/users\/1"}],"replies":[{"embeddable":true,"href":"https:\/\/www.svlaw.gr\/fr\/wp-json\/wp\/v2\/comments?post=99"}],"version-history":[{"count":6,"href":"https:\/\/www.svlaw.gr\/fr\/wp-json\/wp\/v2\/pages\/99\/revisions"}],"predecessor-version":[{"id":182,"href":"https:\/\/www.svlaw.gr\/fr\/wp-json\/wp\/v2\/pages\/99\/revisions\/182"}],"wp:attachment":[{"href":"https:\/\/www.svlaw.gr\/fr\/wp-json\/wp\/v2\/media?parent=99"}],"curies":[{"name":"wp","href":"https:\/\/api.w.org\/{rel}","templated":true}]}}