{"id":8,"date":"2023-10-06T09:11:07","date_gmt":"2023-10-06T06:11:07","guid":{"rendered":"https:\/\/pavlos.happyoffline.eu\/?page_id=8"},"modified":"2023-10-18T20:47:47","modified_gmt":"2023-10-18T17:47:47","slug":"law-firm","status":"publish","type":"page","link":"https:\/\/www.svlaw.gr\/fr\/law-firm\/","title":{"rendered":"The Firm"},"content":{"rendered":"<p>Gr\u00e2ce \u00e0 notre pr\u00e9sence continue aupr\u00e8s des tribunaux, notre identification compl\u00e8te aux dossiers qui nous sont confi\u00e9s et au fait que nous nous consacrons \u00e0 notre seul et unique but qui est de gagner, nous avons pu nous \u00e9tablir parmi les cabinets les plus importants dans les domaines du droit p\u00e9nal, du droit maritime et du droit commercial, avec une sp\u00e9cialisation particuli\u00e8re dans les d\u00e9lits en mati\u00e8re \u00e9conomique et tous les sujets qui r\u00e9sultent de l\u2019exploitation et du management des navires.<\/p>\n<p>La repr\u00e9sentation continue de grandes compagnies maritimes du monde entier et la collaboration avec des cabinets d\u2019avocats r\u00e9put\u00e9s \u00e0 l\u2019\u00e9tranger sont les r\u00e9f\u00e9rences pour nos capacit\u00e9s.<\/p>\n<p>Nous sommes particuli\u00e8rement fiers de nos succ\u00e8s et des recommandations par nos clients qui sont des personnes physiques et des personnes juridiques soumises \u00e0 des juridictions diff\u00e9rentes. Notre responsabilit\u00e9 et notre efficacit\u00e9 garantissent que les services que nous offrons d\u00e9passent la simple ex\u00e9cution d\u2019un mandat et s\u2019\u00e9tendent \u00e0 un engagement absolu et une participation compl\u00e8te concernant le traitement du cas \u00e0 tous les niveaux. Notre seul et unique but est d\u2019atteindre le meilleur r\u00e9sultat possible pour nos clients.<\/p>\n","protected":false},"excerpt":{"rendered":"<p>Gr\u00e2ce \u00e0 notre pr\u00e9sence continue aupr\u00e8s des tribunaux, notre identification compl\u00e8te aux dossiers qui nous sont confi\u00e9s et au fait que nous nous consacrons \u00e0 notre seul et unique but qui est de gagner, nous avons pu nous \u00e9tablir parmi les cabinets les plus importants dans les domaines du droit p\u00e9nal, du droit maritime et [&hellip;]<\/p>\n","protected":false},"author":1,"featured_media":0,"parent":0,"menu_order":0,"comment_status":"closed","ping_status":"closed","template":"aboutus.php","meta":{"_acf_changed":false,"inline_featured_image":false,"footnotes":""},"class_list":["post-8","page","type-page","status-publish","hentry"],"acf":[],"yoast_head":"<!-- This site is optimized with the Yoast SEO plugin v27.2 - https:\/\/yoast.com\/product\/yoast-seo-wordpress\/ -->\n<title>The Firm<\/title>\n<meta name=\"description\" content=\"\u0394\u03b9\u03ba\u03b7\u03b3\u03bf\u03c1\u03b9\u03ba\u03ae \u0395\u03c4\u03b1\u03b9\u03c1\u03b5\u03af\u03b1 \u00ab\u0392\u03bb\u03ac\u03c3\u03c3\u03b7\u03c2 \u03ba\u03b1\u03b9 \u03a3\u03c5\u03bd\u03b5\u03c1\u03b3\u03ac\u03c4\u03b5\u03c2 law firm Vlassis and associates \u03bc\u03b5 \u03ad\u03b4\u03c1\u03b1 \u03c4\u03bf\u03bd \u03a0\u03b5\u03b9\u03c1\u03b1\u03b9\u03ac \u0391\u03ba\u03c4\u03ae \u039c\u03b9\u03b1\u03bf\u03cd\u03bb\u03b7\" \/>\n<meta name=\"robots\" content=\"index, follow, max-snippet:-1, max-image-preview:large, max-video-preview:-1\" \/>\n<link rel=\"canonical\" href=\"https:\/\/www.svlaw.gr\/fr\/law-firm\/\" \/>\n<meta property=\"og:locale\" content=\"fr_FR\" \/>\n<meta property=\"og:locale:alternate\" content=\"el\" \/>\n<meta property=\"og:locale:alternate\" content=\"en_US\" \/>\n<meta property=\"og:type\" content=\"article\" \/>\n<meta property=\"og:title\" content=\"The Firm\" \/>\n<meta property=\"og:description\" content=\"\u0394\u03b9\u03ba\u03b7\u03b3\u03bf\u03c1\u03b9\u03ba\u03ae \u0395\u03c4\u03b1\u03b9\u03c1\u03b5\u03af\u03b1 \u00ab\u0392\u03bb\u03ac\u03c3\u03c3\u03b7\u03c2 \u03ba\u03b1\u03b9 \u03a3\u03c5\u03bd\u03b5\u03c1\u03b3\u03ac\u03c4\u03b5\u03c2 law firm Vlassis and associates \u03bc\u03b5 \u03ad\u03b4\u03c1\u03b1 \u03c4\u03bf\u03bd \u03a0\u03b5\u03b9\u03c1\u03b1\u03b9\u03ac \u0391\u03ba\u03c4\u03ae \u039c\u03b9\u03b1\u03bf\u03cd\u03bb\u03b7\" \/>\n<meta property=\"og:url\" content=\"https:\/\/www.svlaw.gr\/fr\/law-firm\/\" \/>\n<meta property=\"og:site_name\" content=\"Vlassis &amp; Associates Law Firm\" \/>\n<meta property=\"article:modified_time\" content=\"2023-10-18T17:47:47+00:00\" \/>\n<meta name=\"twitter:card\" content=\"summary_large_image\" \/>\n<meta name=\"twitter:label1\" content=\"Dur\u00e9e de lecture estim\u00e9e\" \/>\n\t<meta name=\"twitter:data1\" content=\"1 minute\" \/>\n<script type=\"application\/ld+json\" class=\"yoast-schema-graph\">{\"@context\":\"https:\/\/schema.org\",\"@graph\":[{\"@type\":\"WebPage\",\"@id\":\"https:\/\/www.svlaw.gr\/law-firm\/\",\"url\":\"https:\/\/www.svlaw.gr\/law-firm\/\",\"name\":\"The Firm\",\"isPartOf\":{\"@id\":\"https:\/\/www.svlaw.gr\/#website\"},\"datePublished\":\"2023-10-06T06:11:07+00:00\",\"dateModified\":\"2023-10-18T17:47:47+00:00\",\"description\":\"\u0394\u03b9\u03ba\u03b7\u03b3\u03bf\u03c1\u03b9\u03ba\u03ae \u0395\u03c4\u03b1\u03b9\u03c1\u03b5\u03af\u03b1 \u00ab\u0392\u03bb\u03ac\u03c3\u03c3\u03b7\u03c2 \u03ba\u03b1\u03b9 \u03a3\u03c5\u03bd\u03b5\u03c1\u03b3\u03ac\u03c4\u03b5\u03c2 law firm Vlassis and associates \u03bc\u03b5 \u03ad\u03b4\u03c1\u03b1 \u03c4\u03bf\u03bd \u03a0\u03b5\u03b9\u03c1\u03b1\u03b9\u03ac \u0391\u03ba\u03c4\u03ae \u039c\u03b9\u03b1\u03bf\u03cd\u03bb\u03b7\",\"breadcrumb\":{\"@id\":\"https:\/\/www.svlaw.gr\/law-firm\/#breadcrumb\"},\"inLanguage\":\"fr-FR\",\"potentialAction\":[{\"@type\":\"ReadAction\",\"target\":[\"https:\/\/www.svlaw.gr\/law-firm\/\"]}]},{\"@type\":\"BreadcrumbList\",\"@id\":\"https:\/\/www.svlaw.gr\/law-firm\/#breadcrumb\",\"itemListElement\":[{\"@type\":\"ListItem\",\"position\":1,\"name\":\"\u0391\u03c1\u03c7\u03b9\u03ba\u03ae\",\"item\":\"https:\/\/www.svlaw.gr\/\"},{\"@type\":\"ListItem\",\"position\":2,\"name\":\"\u0397 E\u03c4\u03b1\u03b9\u03c1\u03b5\u03af\u03b1\"}]},{\"@type\":\"WebSite\",\"@id\":\"https:\/\/www.svlaw.gr\/#website\",\"url\":\"https:\/\/www.svlaw.gr\/\",\"name\":\"Vlassis &amp; Associates Law Firm\",\"description\":\"Svlaw\",\"publisher\":{\"@id\":\"https:\/\/www.svlaw.gr\/#organization\"},\"potentialAction\":[{\"@type\":\"SearchAction\",\"target\":{\"@type\":\"EntryPoint\",\"urlTemplate\":\"https:\/\/www.svlaw.gr\/?s={search_term_string}\"},\"query-input\":{\"@type\":\"PropertyValueSpecification\",\"valueRequired\":true,\"valueName\":\"search_term_string\"}}],\"inLanguage\":\"fr-FR\"},{\"@type\":\"Organization\",\"@id\":\"https:\/\/www.svlaw.gr\/#organization\",\"name\":\"Vlassis &amp; Associates Law Firm\",\"url\":\"https:\/\/www.svlaw.gr\/\",\"logo\":{\"@type\":\"ImageObject\",\"inLanguage\":\"fr-FR\",\"@id\":\"https:\/\/www.svlaw.gr\/#\/schema\/logo\/image\/\",\"url\":\"https:\/\/www.svlaw.gr\/wp-content\/uploads\/2023\/10\/logo3uk.png\",\"contentUrl\":\"https:\/\/www.svlaw.gr\/wp-content\/uploads\/2023\/10\/logo3uk.png\",\"width\":180,\"height\":78,\"caption\":\"Vlassis &amp; Associates Law Firm\"},\"image\":{\"@id\":\"https:\/\/www.svlaw.gr\/#\/schema\/logo\/image\/\"}}]}<\/script>\n<!-- \/ Yoast SEO plugin. -->","yoast_head_json":{"title":"The Firm","description":"\u0394\u03b9\u03ba\u03b7\u03b3\u03bf\u03c1\u03b9\u03ba\u03ae \u0395\u03c4\u03b1\u03b9\u03c1\u03b5\u03af\u03b1 \u00ab\u0392\u03bb\u03ac\u03c3\u03c3\u03b7\u03c2 \u03ba\u03b1\u03b9 \u03a3\u03c5\u03bd\u03b5\u03c1\u03b3\u03ac\u03c4\u03b5\u03c2 law firm Vlassis and associates \u03bc\u03b5 \u03ad\u03b4\u03c1\u03b1 \u03c4\u03bf\u03bd \u03a0\u03b5\u03b9\u03c1\u03b1\u03b9\u03ac \u0391\u03ba\u03c4\u03ae \u039c\u03b9\u03b1\u03bf\u03cd\u03bb\u03b7","robots":{"index":"index","follow":"follow","max-snippet":"max-snippet:-1","max-image-preview":"max-image-preview:large","max-video-preview":"max-video-preview:-1"},"canonical":"https:\/\/www.svlaw.gr\/fr\/law-firm\/","og_locale":"fr_FR","og_type":"article","og_title":"[:el]\u0397 E\u03c4\u03b1\u03b9\u03c1\u03b5\u03af\u03b1[:en]The Firm[:fr]The Firm[:] - Vlassis &amp; Associates Law Firm","og_description":"\u0394\u03b9\u03ba\u03b7\u03b3\u03bf\u03c1\u03b9\u03ba\u03ae \u0395\u03c4\u03b1\u03b9\u03c1\u03b5\u03af\u03b1 \u00ab\u0392\u03bb\u03ac\u03c3\u03c3\u03b7\u03c2 \u03ba\u03b1\u03b9 \u03a3\u03c5\u03bd\u03b5\u03c1\u03b3\u03ac\u03c4\u03b5\u03c2 law firm Vlassis and associates \u03bc\u03b5 \u03ad\u03b4\u03c1\u03b1 \u03c4\u03bf\u03bd \u03a0\u03b5\u03b9\u03c1\u03b1\u03b9\u03ac \u0391\u03ba\u03c4\u03ae \u039c\u03b9\u03b1\u03bf\u03cd\u03bb\u03b7","og_url":"https:\/\/www.svlaw.gr\/fr\/law-firm\/","og_site_name":"Vlassis &amp; Associates Law Firm","article_modified_time":"2023-10-18T17:47:47+00:00","twitter_card":"summary_large_image","twitter_misc":{"Dur\u00e9e de lecture estim\u00e9e":"1 minute"},"schema":{"@context":"https:\/\/schema.org","@graph":[{"@type":"WebPage","@id":"https:\/\/www.svlaw.gr\/law-firm\/","url":"https:\/\/www.svlaw.gr\/law-firm\/","name":"The Firm","isPartOf":{"@id":"https:\/\/www.svlaw.gr\/#website"},"datePublished":"2023-10-06T06:11:07+00:00","dateModified":"2023-10-18T17:47:47+00:00","description":"\u0394\u03b9\u03ba\u03b7\u03b3\u03bf\u03c1\u03b9\u03ba\u03ae \u0395\u03c4\u03b1\u03b9\u03c1\u03b5\u03af\u03b1 \u00ab\u0392\u03bb\u03ac\u03c3\u03c3\u03b7\u03c2 \u03ba\u03b1\u03b9 \u03a3\u03c5\u03bd\u03b5\u03c1\u03b3\u03ac\u03c4\u03b5\u03c2 law firm Vlassis and associates \u03bc\u03b5 \u03ad\u03b4\u03c1\u03b1 \u03c4\u03bf\u03bd \u03a0\u03b5\u03b9\u03c1\u03b1\u03b9\u03ac \u0391\u03ba\u03c4\u03ae \u039c\u03b9\u03b1\u03bf\u03cd\u03bb\u03b7","breadcrumb":{"@id":"https:\/\/www.svlaw.gr\/law-firm\/#breadcrumb"},"inLanguage":"fr-FR","potentialAction":[{"@type":"ReadAction","target":["https:\/\/www.svlaw.gr\/law-firm\/"]}]},{"@type":"BreadcrumbList","@id":"https:\/\/www.svlaw.gr\/law-firm\/#breadcrumb","itemListElement":[{"@type":"ListItem","position":1,"name":"\u0391\u03c1\u03c7\u03b9\u03ba\u03ae","item":"https:\/\/www.svlaw.gr\/"},{"@type":"ListItem","position":2,"name":"\u0397 E\u03c4\u03b1\u03b9\u03c1\u03b5\u03af\u03b1"}]},{"@type":"WebSite","@id":"https:\/\/www.svlaw.gr\/#website","url":"https:\/\/www.svlaw.gr\/","name":"Vlassis &amp; Associates Law Firm","description":"Svlaw","publisher":{"@id":"https:\/\/www.svlaw.gr\/#organization"},"potentialAction":[{"@type":"SearchAction","target":{"@type":"EntryPoint","urlTemplate":"https:\/\/www.svlaw.gr\/?s={search_term_string}"},"query-input":{"@type":"PropertyValueSpecification","valueRequired":true,"valueName":"search_term_string"}}],"inLanguage":"fr-FR"},{"@type":"Organization","@id":"https:\/\/www.svlaw.gr\/#organization","name":"Vlassis &amp; Associates Law Firm","url":"https:\/\/www.svlaw.gr\/","logo":{"@type":"ImageObject","inLanguage":"fr-FR","@id":"https:\/\/www.svlaw.gr\/#\/schema\/logo\/image\/","url":"https:\/\/www.svlaw.gr\/wp-content\/uploads\/2023\/10\/logo3uk.png","contentUrl":"https:\/\/www.svlaw.gr\/wp-content\/uploads\/2023\/10\/logo3uk.png","width":180,"height":78,"caption":"Vlassis &amp; Associates Law Firm"},"image":{"@id":"https:\/\/www.svlaw.gr\/#\/schema\/logo\/image\/"}}]}},"_links":{"self":[{"href":"https:\/\/www.svlaw.gr\/fr\/wp-json\/wp\/v2\/pages\/8","targetHints":{"allow":["GET"]}}],"collection":[{"href":"https:\/\/www.svlaw.gr\/fr\/wp-json\/wp\/v2\/pages"}],"about":[{"href":"https:\/\/www.svlaw.gr\/fr\/wp-json\/wp\/v2\/types\/page"}],"author":[{"embeddable":true,"href":"https:\/\/www.svlaw.gr\/fr\/wp-json\/wp\/v2\/users\/1"}],"replies":[{"embeddable":true,"href":"https:\/\/www.svlaw.gr\/fr\/wp-json\/wp\/v2\/comments?post=8"}],"version-history":[{"count":19,"href":"https:\/\/www.svlaw.gr\/fr\/wp-json\/wp\/v2\/pages\/8\/revisions"}],"predecessor-version":[{"id":418,"href":"https:\/\/www.svlaw.gr\/fr\/wp-json\/wp\/v2\/pages\/8\/revisions\/418"}],"wp:attachment":[{"href":"https:\/\/www.svlaw.gr\/fr\/wp-json\/wp\/v2\/media?parent=8"}],"curies":[{"name":"wp","href":"https:\/\/api.w.org\/{rel}","templated":true}]}}