{"id":44,"date":"2023-10-06T10:32:05","date_gmt":"2023-10-06T07:32:05","guid":{"rendered":"https:\/\/pavlos.happyoffline.eu\/?page_id=44"},"modified":"2023-10-18T22:15:31","modified_gmt":"2023-10-18T19:15:31","slug":"what-we-do","status":"publish","type":"page","link":"https:\/\/www.svlaw.gr\/fr\/what-we-do\/","title":{"rendered":"Nos Comp\u00e9tences"},"content":{"rendered":"<p>La preuve du haut niveau de nos services: Nos clients recommandent r\u00e9guli\u00e8rement notre cabinet \u00e0 des tiers.<br \/>\nLe cabinet a \u00e9t\u00e9 tr\u00e8s actif dans de nombreuses affaires \u00e9minentes aupr\u00e8s des tribunaux grecs les derni\u00e8res d\u00e9cennies. Nous sommes reconnus non seulement par des juristes, mais aussi par des universitaires, comme une institution l\u00e9gale particuli\u00e8rement sp\u00e9cialis\u00e9e offrant des services de grande qualit\u00e9. Nous sommes tr\u00e8s fiers de notre haut pourcentage de succ\u00e8s en proc\u00e9dures judiciaires et nous avons la r\u00e9putation de gagner des dossiers tr\u00e8s controvers\u00e9s et difficiles.<\/p>\n<p>Le cabinet est aussi connu pour ses conseils sur mesure \u00e0 une client\u00e8le bien vari\u00e9e. Ce qui nous caract\u00e9rise est la mani\u00e8re de penser et de chercher des solutions qui d\u00e9passent le conventionnel. Nous offrons \u00e0 nos clients une approche pratique, \u00e9conomique, mais toujours conforme aux exigences l\u00e9gales, qui g\u00e9n\u00e8re des solutions l\u00e0 o\u00f9 d\u2019autres croient se trouver dans une impasse.<\/p>\n<p>Notre but est d\u2019\u00e9largir et de constamment am\u00e9liorer notre gamme de services, tout en restant d\u00e9vou\u00e9s aux besoins changeants de notre client\u00e8le et en offrant des services de meilleure qualit\u00e9 dans l\u2019environnement commercial d\u2019aujourd\u2019hui tr\u00e8s comp\u00e9titif et exigeant.<\/p>\n","protected":false},"excerpt":{"rendered":"<p>La preuve du haut niveau de nos services: Nos clients recommandent r\u00e9guli\u00e8rement notre cabinet \u00e0 des tiers. Le cabinet a \u00e9t\u00e9 tr\u00e8s actif dans de nombreuses affaires \u00e9minentes aupr\u00e8s des tribunaux grecs les derni\u00e8res d\u00e9cennies. Nous sommes reconnus non seulement par des juristes, mais aussi par des universitaires, comme une institution l\u00e9gale particuli\u00e8rement sp\u00e9cialis\u00e9e offrant [&hellip;]<\/p>\n","protected":false},"author":1,"featured_media":0,"parent":0,"menu_order":0,"comment_status":"closed","ping_status":"closed","template":"tomeispage.php","meta":{"_acf_changed":false,"inline_featured_image":false,"footnotes":""},"class_list":["post-44","page","type-page","status-publish","hentry"],"acf":[],"yoast_head":"<!-- This site is optimized with the Yoast SEO plugin v27.2 - https:\/\/yoast.com\/product\/yoast-seo-wordpress\/ -->\n<title>Nos Comp\u00e9tences<\/title>\n<meta name=\"description\" content=\"\u0397 \u0392\u03bb\u03ac\u03c3\u03c3\u03b7\u03c2 &amp; \u03a3\u03c5\u03bd\u03b5\u03c1\u03b3\u03ac\u03c4\u03b5\u03c2 \u03ad\u03c7\u03b5\u03b9 \u03b1\u03bd\u03b1\u03b4\u03b5\u03b9\u03c7\u03b8\u03b5\u03af \u03c9\u03c2 \u03c4\u03b1\u03c7\u03cd\u03c4\u03b1\u03c4\u03b1 \u03b1\u03bd\u03b1\u03c0\u03c4\u03c5\u03c3\u03c3\u03cc\u03bc\u03b5\u03bd\u03b7 \u03ba\u03b1\u03b9 \u03b4\u03b9\u03b1\u03c1\u03ba\u03ce\u03c2 \u03b5\u03c0\u03b5\u03ba\u03c4\u03b5\u03b9\u03bd\u03cc\u03bc\u03b5\u03bd\u03b7 \u03b4\u03b9\u03ba\u03b7\u03b3\u03bf\u03c1\u03b9\u03ba\u03ae \u03b5\u03c4\u03b1\u03b9\u03c1\u03b5\u03af\u03b1, \u03c0\u03b1\u03c1\u03ad\u03c7\u03bf\u03bd\u03c4\u03b1\u03c2 \u03c5\u03c8\u03b7\u03bb\u03ae\u03c2 \u03c0\u03bf\u03b9\u03cc\u03c4\u03b7\u03c4\u03b1\u03c2 \u03bd\u03bf\u03bc\u03b9\u03ba\u03ad\u03c2 \u03c5\u03c0\u03b7\u03c1\u03b5\u03c3\u03af\u03b5\u03c2 \u03c3\u03b5 \u03ad\u03bd\u03b1\u03bd \u03b5\u03c5\u03c1\u03cd \u03ba\u03cd\u03ba\u03bb\u03bf \u03c0\u03b5\u03bb\u03b1\u03c4\u03ce\u03bd, \u03c0\u03bf\u03c5 \u03c0\u03b5\u03c1\u03b9\u03bb\u03b1\u03bc\u03b2\u03ac\u03bd\u03b5\u03b9 \u03bd\u03bf\u03bc\u03b9\u03ba\u03ac \u03ba\u03b1\u03b9 \u03c6\u03c5\u03c3\u03b9\u03ba\u03ac \u03c0\u03c1\u03cc\u03c3\u03c9\u03c0\u03b1.\" \/>\n<meta name=\"robots\" content=\"index, follow, max-snippet:-1, max-image-preview:large, max-video-preview:-1\" \/>\n<link rel=\"canonical\" href=\"https:\/\/www.svlaw.gr\/fr\/what-we-do\/\" \/>\n<meta property=\"og:locale\" content=\"fr_FR\" \/>\n<meta property=\"og:locale:alternate\" content=\"el\" \/>\n<meta property=\"og:locale:alternate\" content=\"en_US\" \/>\n<meta property=\"og:type\" content=\"article\" \/>\n<meta property=\"og:title\" content=\"Nos Comp\u00e9tences\" \/>\n<meta property=\"og:description\" content=\"\u0397 \u0392\u03bb\u03ac\u03c3\u03c3\u03b7\u03c2 &amp; \u03a3\u03c5\u03bd\u03b5\u03c1\u03b3\u03ac\u03c4\u03b5\u03c2 \u03ad\u03c7\u03b5\u03b9 \u03b1\u03bd\u03b1\u03b4\u03b5\u03b9\u03c7\u03b8\u03b5\u03af \u03c9\u03c2 \u03c4\u03b1\u03c7\u03cd\u03c4\u03b1\u03c4\u03b1 \u03b1\u03bd\u03b1\u03c0\u03c4\u03c5\u03c3\u03c3\u03cc\u03bc\u03b5\u03bd\u03b7 \u03ba\u03b1\u03b9 \u03b4\u03b9\u03b1\u03c1\u03ba\u03ce\u03c2 \u03b5\u03c0\u03b5\u03ba\u03c4\u03b5\u03b9\u03bd\u03cc\u03bc\u03b5\u03bd\u03b7 \u03b4\u03b9\u03ba\u03b7\u03b3\u03bf\u03c1\u03b9\u03ba\u03ae \u03b5\u03c4\u03b1\u03b9\u03c1\u03b5\u03af\u03b1, \u03c0\u03b1\u03c1\u03ad\u03c7\u03bf\u03bd\u03c4\u03b1\u03c2 \u03c5\u03c8\u03b7\u03bb\u03ae\u03c2 \u03c0\u03bf\u03b9\u03cc\u03c4\u03b7\u03c4\u03b1\u03c2 \u03bd\u03bf\u03bc\u03b9\u03ba\u03ad\u03c2 \u03c5\u03c0\u03b7\u03c1\u03b5\u03c3\u03af\u03b5\u03c2 \u03c3\u03b5 \u03ad\u03bd\u03b1\u03bd \u03b5\u03c5\u03c1\u03cd \u03ba\u03cd\u03ba\u03bb\u03bf \u03c0\u03b5\u03bb\u03b1\u03c4\u03ce\u03bd, \u03c0\u03bf\u03c5 \u03c0\u03b5\u03c1\u03b9\u03bb\u03b1\u03bc\u03b2\u03ac\u03bd\u03b5\u03b9 \u03bd\u03bf\u03bc\u03b9\u03ba\u03ac \u03ba\u03b1\u03b9 \u03c6\u03c5\u03c3\u03b9\u03ba\u03ac \u03c0\u03c1\u03cc\u03c3\u03c9\u03c0\u03b1.\" \/>\n<meta property=\"og:url\" content=\"https:\/\/www.svlaw.gr\/fr\/what-we-do\/\" \/>\n<meta property=\"og:site_name\" content=\"Vlassis &amp; Associates Law Firm\" \/>\n<meta property=\"article:modified_time\" content=\"2023-10-18T19:15:31+00:00\" \/>\n<meta name=\"twitter:card\" content=\"summary_large_image\" \/>\n<meta name=\"twitter:label1\" content=\"Dur\u00e9e de lecture estim\u00e9e\" \/>\n\t<meta name=\"twitter:data1\" content=\"1 minute\" \/>\n<script type=\"application\/ld+json\" class=\"yoast-schema-graph\">{\"@context\":\"https:\/\/schema.org\",\"@graph\":[{\"@type\":\"WebPage\",\"@id\":\"https:\/\/www.svlaw.gr\/what-we-do\/\",\"url\":\"https:\/\/www.svlaw.gr\/what-we-do\/\",\"name\":\"Nos Comp\u00e9tences\",\"isPartOf\":{\"@id\":\"https:\/\/www.svlaw.gr\/#website\"},\"datePublished\":\"2023-10-06T07:32:05+00:00\",\"dateModified\":\"2023-10-18T19:15:31+00:00\",\"description\":\"\u0397 \u0392\u03bb\u03ac\u03c3\u03c3\u03b7\u03c2 & \u03a3\u03c5\u03bd\u03b5\u03c1\u03b3\u03ac\u03c4\u03b5\u03c2 \u03ad\u03c7\u03b5\u03b9 \u03b1\u03bd\u03b1\u03b4\u03b5\u03b9\u03c7\u03b8\u03b5\u03af \u03c9\u03c2 \u03c4\u03b1\u03c7\u03cd\u03c4\u03b1\u03c4\u03b1 \u03b1\u03bd\u03b1\u03c0\u03c4\u03c5\u03c3\u03c3\u03cc\u03bc\u03b5\u03bd\u03b7 \u03ba\u03b1\u03b9 \u03b4\u03b9\u03b1\u03c1\u03ba\u03ce\u03c2 \u03b5\u03c0\u03b5\u03ba\u03c4\u03b5\u03b9\u03bd\u03cc\u03bc\u03b5\u03bd\u03b7 \u03b4\u03b9\u03ba\u03b7\u03b3\u03bf\u03c1\u03b9\u03ba\u03ae \u03b5\u03c4\u03b1\u03b9\u03c1\u03b5\u03af\u03b1, \u03c0\u03b1\u03c1\u03ad\u03c7\u03bf\u03bd\u03c4\u03b1\u03c2 \u03c5\u03c8\u03b7\u03bb\u03ae\u03c2 \u03c0\u03bf\u03b9\u03cc\u03c4\u03b7\u03c4\u03b1\u03c2 \u03bd\u03bf\u03bc\u03b9\u03ba\u03ad\u03c2 \u03c5\u03c0\u03b7\u03c1\u03b5\u03c3\u03af\u03b5\u03c2 \u03c3\u03b5 \u03ad\u03bd\u03b1\u03bd \u03b5\u03c5\u03c1\u03cd \u03ba\u03cd\u03ba\u03bb\u03bf \u03c0\u03b5\u03bb\u03b1\u03c4\u03ce\u03bd, \u03c0\u03bf\u03c5 \u03c0\u03b5\u03c1\u03b9\u03bb\u03b1\u03bc\u03b2\u03ac\u03bd\u03b5\u03b9 \u03bd\u03bf\u03bc\u03b9\u03ba\u03ac \u03ba\u03b1\u03b9 \u03c6\u03c5\u03c3\u03b9\u03ba\u03ac \u03c0\u03c1\u03cc\u03c3\u03c9\u03c0\u03b1.\",\"breadcrumb\":{\"@id\":\"https:\/\/www.svlaw.gr\/what-we-do\/#breadcrumb\"},\"inLanguage\":\"fr-FR\",\"potentialAction\":[{\"@type\":\"ReadAction\",\"target\":[\"https:\/\/www.svlaw.gr\/what-we-do\/\"]}]},{\"@type\":\"BreadcrumbList\",\"@id\":\"https:\/\/www.svlaw.gr\/what-we-do\/#breadcrumb\",\"itemListElement\":[{\"@type\":\"ListItem\",\"position\":1,\"name\":\"\u0391\u03c1\u03c7\u03b9\u03ba\u03ae\",\"item\":\"https:\/\/www.svlaw.gr\/\"},{\"@type\":\"ListItem\",\"position\":2,\"name\":\"\u03a4\u03bf\u03bc\u03b5\u03af\u03c2 \u0395\u03bd\u03b1\u03c3\u03c7\u03cc\u03bb\u03b7\u03c3\u03b7\u03c2\"}]},{\"@type\":\"WebSite\",\"@id\":\"https:\/\/www.svlaw.gr\/#website\",\"url\":\"https:\/\/www.svlaw.gr\/\",\"name\":\"Vlassis &amp; Associates Law Firm\",\"description\":\"Svlaw\",\"publisher\":{\"@id\":\"https:\/\/www.svlaw.gr\/#organization\"},\"potentialAction\":[{\"@type\":\"SearchAction\",\"target\":{\"@type\":\"EntryPoint\",\"urlTemplate\":\"https:\/\/www.svlaw.gr\/?s={search_term_string}\"},\"query-input\":{\"@type\":\"PropertyValueSpecification\",\"valueRequired\":true,\"valueName\":\"search_term_string\"}}],\"inLanguage\":\"fr-FR\"},{\"@type\":\"Organization\",\"@id\":\"https:\/\/www.svlaw.gr\/#organization\",\"name\":\"Vlassis &amp; Associates Law Firm\",\"url\":\"https:\/\/www.svlaw.gr\/\",\"logo\":{\"@type\":\"ImageObject\",\"inLanguage\":\"fr-FR\",\"@id\":\"https:\/\/www.svlaw.gr\/#\/schema\/logo\/image\/\",\"url\":\"https:\/\/www.svlaw.gr\/wp-content\/uploads\/2023\/10\/logo3uk.png\",\"contentUrl\":\"https:\/\/www.svlaw.gr\/wp-content\/uploads\/2023\/10\/logo3uk.png\",\"width\":180,\"height\":78,\"caption\":\"Vlassis &amp; Associates Law Firm\"},\"image\":{\"@id\":\"https:\/\/www.svlaw.gr\/#\/schema\/logo\/image\/\"}}]}<\/script>\n<!-- \/ Yoast SEO plugin. -->","yoast_head_json":{"title":"Nos Comp\u00e9tences","description":"\u0397 \u0392\u03bb\u03ac\u03c3\u03c3\u03b7\u03c2 & \u03a3\u03c5\u03bd\u03b5\u03c1\u03b3\u03ac\u03c4\u03b5\u03c2 \u03ad\u03c7\u03b5\u03b9 \u03b1\u03bd\u03b1\u03b4\u03b5\u03b9\u03c7\u03b8\u03b5\u03af \u03c9\u03c2 \u03c4\u03b1\u03c7\u03cd\u03c4\u03b1\u03c4\u03b1 \u03b1\u03bd\u03b1\u03c0\u03c4\u03c5\u03c3\u03c3\u03cc\u03bc\u03b5\u03bd\u03b7 \u03ba\u03b1\u03b9 \u03b4\u03b9\u03b1\u03c1\u03ba\u03ce\u03c2 \u03b5\u03c0\u03b5\u03ba\u03c4\u03b5\u03b9\u03bd\u03cc\u03bc\u03b5\u03bd\u03b7 \u03b4\u03b9\u03ba\u03b7\u03b3\u03bf\u03c1\u03b9\u03ba\u03ae \u03b5\u03c4\u03b1\u03b9\u03c1\u03b5\u03af\u03b1, \u03c0\u03b1\u03c1\u03ad\u03c7\u03bf\u03bd\u03c4\u03b1\u03c2 \u03c5\u03c8\u03b7\u03bb\u03ae\u03c2 \u03c0\u03bf\u03b9\u03cc\u03c4\u03b7\u03c4\u03b1\u03c2 \u03bd\u03bf\u03bc\u03b9\u03ba\u03ad\u03c2 \u03c5\u03c0\u03b7\u03c1\u03b5\u03c3\u03af\u03b5\u03c2 \u03c3\u03b5 \u03ad\u03bd\u03b1\u03bd \u03b5\u03c5\u03c1\u03cd \u03ba\u03cd\u03ba\u03bb\u03bf \u03c0\u03b5\u03bb\u03b1\u03c4\u03ce\u03bd, \u03c0\u03bf\u03c5 \u03c0\u03b5\u03c1\u03b9\u03bb\u03b1\u03bc\u03b2\u03ac\u03bd\u03b5\u03b9 \u03bd\u03bf\u03bc\u03b9\u03ba\u03ac \u03ba\u03b1\u03b9 \u03c6\u03c5\u03c3\u03b9\u03ba\u03ac \u03c0\u03c1\u03cc\u03c3\u03c9\u03c0\u03b1.","robots":{"index":"index","follow":"follow","max-snippet":"max-snippet:-1","max-image-preview":"max-image-preview:large","max-video-preview":"max-video-preview:-1"},"canonical":"https:\/\/www.svlaw.gr\/fr\/what-we-do\/","og_locale":"fr_FR","og_type":"article","og_title":"[:el]\u03a4\u03bf\u03bc\u03b5\u03af\u03c2 \u0395\u03bd\u03b1\u03c3\u03c7\u03cc\u03bb\u03b7\u03c3\u03b7\u03c2[:en]What we do[:fr]Nos Comp\u00e9tences[:] - Vlassis &amp; Associates Law Firm","og_description":"\u0397 \u0392\u03bb\u03ac\u03c3\u03c3\u03b7\u03c2 & \u03a3\u03c5\u03bd\u03b5\u03c1\u03b3\u03ac\u03c4\u03b5\u03c2 \u03ad\u03c7\u03b5\u03b9 \u03b1\u03bd\u03b1\u03b4\u03b5\u03b9\u03c7\u03b8\u03b5\u03af \u03c9\u03c2 \u03c4\u03b1\u03c7\u03cd\u03c4\u03b1\u03c4\u03b1 \u03b1\u03bd\u03b1\u03c0\u03c4\u03c5\u03c3\u03c3\u03cc\u03bc\u03b5\u03bd\u03b7 \u03ba\u03b1\u03b9 \u03b4\u03b9\u03b1\u03c1\u03ba\u03ce\u03c2 \u03b5\u03c0\u03b5\u03ba\u03c4\u03b5\u03b9\u03bd\u03cc\u03bc\u03b5\u03bd\u03b7 \u03b4\u03b9\u03ba\u03b7\u03b3\u03bf\u03c1\u03b9\u03ba\u03ae \u03b5\u03c4\u03b1\u03b9\u03c1\u03b5\u03af\u03b1, \u03c0\u03b1\u03c1\u03ad\u03c7\u03bf\u03bd\u03c4\u03b1\u03c2 \u03c5\u03c8\u03b7\u03bb\u03ae\u03c2 \u03c0\u03bf\u03b9\u03cc\u03c4\u03b7\u03c4\u03b1\u03c2 \u03bd\u03bf\u03bc\u03b9\u03ba\u03ad\u03c2 \u03c5\u03c0\u03b7\u03c1\u03b5\u03c3\u03af\u03b5\u03c2 \u03c3\u03b5 \u03ad\u03bd\u03b1\u03bd \u03b5\u03c5\u03c1\u03cd \u03ba\u03cd\u03ba\u03bb\u03bf \u03c0\u03b5\u03bb\u03b1\u03c4\u03ce\u03bd, \u03c0\u03bf\u03c5 \u03c0\u03b5\u03c1\u03b9\u03bb\u03b1\u03bc\u03b2\u03ac\u03bd\u03b5\u03b9 \u03bd\u03bf\u03bc\u03b9\u03ba\u03ac \u03ba\u03b1\u03b9 \u03c6\u03c5\u03c3\u03b9\u03ba\u03ac \u03c0\u03c1\u03cc\u03c3\u03c9\u03c0\u03b1.","og_url":"https:\/\/www.svlaw.gr\/fr\/what-we-do\/","og_site_name":"Vlassis &amp; Associates Law Firm","article_modified_time":"2023-10-18T19:15:31+00:00","twitter_card":"summary_large_image","twitter_misc":{"Dur\u00e9e de lecture estim\u00e9e":"1 minute"},"schema":{"@context":"https:\/\/schema.org","@graph":[{"@type":"WebPage","@id":"https:\/\/www.svlaw.gr\/what-we-do\/","url":"https:\/\/www.svlaw.gr\/what-we-do\/","name":"Nos Comp\u00e9tences","isPartOf":{"@id":"https:\/\/www.svlaw.gr\/#website"},"datePublished":"2023-10-06T07:32:05+00:00","dateModified":"2023-10-18T19:15:31+00:00","description":"\u0397 \u0392\u03bb\u03ac\u03c3\u03c3\u03b7\u03c2 & \u03a3\u03c5\u03bd\u03b5\u03c1\u03b3\u03ac\u03c4\u03b5\u03c2 \u03ad\u03c7\u03b5\u03b9 \u03b1\u03bd\u03b1\u03b4\u03b5\u03b9\u03c7\u03b8\u03b5\u03af \u03c9\u03c2 \u03c4\u03b1\u03c7\u03cd\u03c4\u03b1\u03c4\u03b1 \u03b1\u03bd\u03b1\u03c0\u03c4\u03c5\u03c3\u03c3\u03cc\u03bc\u03b5\u03bd\u03b7 \u03ba\u03b1\u03b9 \u03b4\u03b9\u03b1\u03c1\u03ba\u03ce\u03c2 \u03b5\u03c0\u03b5\u03ba\u03c4\u03b5\u03b9\u03bd\u03cc\u03bc\u03b5\u03bd\u03b7 \u03b4\u03b9\u03ba\u03b7\u03b3\u03bf\u03c1\u03b9\u03ba\u03ae \u03b5\u03c4\u03b1\u03b9\u03c1\u03b5\u03af\u03b1, \u03c0\u03b1\u03c1\u03ad\u03c7\u03bf\u03bd\u03c4\u03b1\u03c2 \u03c5\u03c8\u03b7\u03bb\u03ae\u03c2 \u03c0\u03bf\u03b9\u03cc\u03c4\u03b7\u03c4\u03b1\u03c2 \u03bd\u03bf\u03bc\u03b9\u03ba\u03ad\u03c2 \u03c5\u03c0\u03b7\u03c1\u03b5\u03c3\u03af\u03b5\u03c2 \u03c3\u03b5 \u03ad\u03bd\u03b1\u03bd \u03b5\u03c5\u03c1\u03cd \u03ba\u03cd\u03ba\u03bb\u03bf \u03c0\u03b5\u03bb\u03b1\u03c4\u03ce\u03bd, \u03c0\u03bf\u03c5 \u03c0\u03b5\u03c1\u03b9\u03bb\u03b1\u03bc\u03b2\u03ac\u03bd\u03b5\u03b9 \u03bd\u03bf\u03bc\u03b9\u03ba\u03ac \u03ba\u03b1\u03b9 \u03c6\u03c5\u03c3\u03b9\u03ba\u03ac \u03c0\u03c1\u03cc\u03c3\u03c9\u03c0\u03b1.","breadcrumb":{"@id":"https:\/\/www.svlaw.gr\/what-we-do\/#breadcrumb"},"inLanguage":"fr-FR","potentialAction":[{"@type":"ReadAction","target":["https:\/\/www.svlaw.gr\/what-we-do\/"]}]},{"@type":"BreadcrumbList","@id":"https:\/\/www.svlaw.gr\/what-we-do\/#breadcrumb","itemListElement":[{"@type":"ListItem","position":1,"name":"\u0391\u03c1\u03c7\u03b9\u03ba\u03ae","item":"https:\/\/www.svlaw.gr\/"},{"@type":"ListItem","position":2,"name":"\u03a4\u03bf\u03bc\u03b5\u03af\u03c2 \u0395\u03bd\u03b1\u03c3\u03c7\u03cc\u03bb\u03b7\u03c3\u03b7\u03c2"}]},{"@type":"WebSite","@id":"https:\/\/www.svlaw.gr\/#website","url":"https:\/\/www.svlaw.gr\/","name":"Vlassis &amp; Associates Law Firm","description":"Svlaw","publisher":{"@id":"https:\/\/www.svlaw.gr\/#organization"},"potentialAction":[{"@type":"SearchAction","target":{"@type":"EntryPoint","urlTemplate":"https:\/\/www.svlaw.gr\/?s={search_term_string}"},"query-input":{"@type":"PropertyValueSpecification","valueRequired":true,"valueName":"search_term_string"}}],"inLanguage":"fr-FR"},{"@type":"Organization","@id":"https:\/\/www.svlaw.gr\/#organization","name":"Vlassis &amp; Associates Law Firm","url":"https:\/\/www.svlaw.gr\/","logo":{"@type":"ImageObject","inLanguage":"fr-FR","@id":"https:\/\/www.svlaw.gr\/#\/schema\/logo\/image\/","url":"https:\/\/www.svlaw.gr\/wp-content\/uploads\/2023\/10\/logo3uk.png","contentUrl":"https:\/\/www.svlaw.gr\/wp-content\/uploads\/2023\/10\/logo3uk.png","width":180,"height":78,"caption":"Vlassis &amp; Associates Law Firm"},"image":{"@id":"https:\/\/www.svlaw.gr\/#\/schema\/logo\/image\/"}}]}},"_links":{"self":[{"href":"https:\/\/www.svlaw.gr\/fr\/wp-json\/wp\/v2\/pages\/44","targetHints":{"allow":["GET"]}}],"collection":[{"href":"https:\/\/www.svlaw.gr\/fr\/wp-json\/wp\/v2\/pages"}],"about":[{"href":"https:\/\/www.svlaw.gr\/fr\/wp-json\/wp\/v2\/types\/page"}],"author":[{"embeddable":true,"href":"https:\/\/www.svlaw.gr\/fr\/wp-json\/wp\/v2\/users\/1"}],"replies":[{"embeddable":true,"href":"https:\/\/www.svlaw.gr\/fr\/wp-json\/wp\/v2\/comments?post=44"}],"version-history":[{"count":24,"href":"https:\/\/www.svlaw.gr\/fr\/wp-json\/wp\/v2\/pages\/44\/revisions"}],"predecessor-version":[{"id":438,"href":"https:\/\/www.svlaw.gr\/fr\/wp-json\/wp\/v2\/pages\/44\/revisions\/438"}],"wp:attachment":[{"href":"https:\/\/www.svlaw.gr\/fr\/wp-json\/wp\/v2\/media?parent=44"}],"curies":[{"name":"wp","href":"https:\/\/api.w.org\/{rel}","templated":true}]}}